{"id":373,"date":"2026-02-21T11:25:19","date_gmt":"2026-02-21T10:25:19","guid":{"rendered":"https:\/\/35avg.hu\/?post_type=product&#038;p=373"},"modified":"2026-02-21T11:27:14","modified_gmt":"2026-02-21T10:27:14","slug":"igpsport-bsc100s-pedalfordulatmero-pulzusov","status":"publish","type":"product","link":"https:\/\/35avg.hu\/?product=igpsport-bsc100s-pedalfordulatmero-pulzusov","title":{"rendered":"IGPSPORT BSC100S+ Ped\u00e1lfordulatm\u00e9r\u0151 + Pulzus\u00f6v"},"content":{"rendered":"<p>L\u00e1sd IGPSPORT BSC100S<\/p>\n","protected":false},"excerpt":{"rendered":"<p>L\u00e1sd IGPSPORT BSC100S<\/p>\n","protected":false},"featured_media":375,"comment_status":"open","ping_status":"closed","template":"","meta":[],"product_brand":[],"product_cat":[28,27],"product_tag":[],"class_list":{"0":"post-373","1":"product","2":"type-product","3":"status-publish","4":"has-post-thumbnail","6":"product_cat-felszereles","7":"product_cat-kerekpar-computer","8":"no-link","10":"first","11":"instock","12":"shipping-taxable","13":"purchasable","14":"product-type-simple"},"jetpack_sharing_enabled":true,"_links":{"self":[{"href":"https:\/\/35avg.hu\/index.php?rest_route=\/wp\/v2\/product\/373","targetHints":{"allow":["GET"]}}],"collection":[{"href":"https:\/\/35avg.hu\/index.php?rest_route=\/wp\/v2\/product"}],"about":[{"href":"https:\/\/35avg.hu\/index.php?rest_route=\/wp\/v2\/types\/product"}],"replies":[{"embeddable":true,"href":"https:\/\/35avg.hu\/index.php?rest_route=%2Fwp%2Fv2%2Fcomments&post=373"}],"wp:featuredmedia":[{"embeddable":true,"href":"https:\/\/35avg.hu\/index.php?rest_route=\/wp\/v2\/media\/375"}],"wp:attachment":[{"href":"https:\/\/35avg.hu\/index.php?rest_route=%2Fwp%2Fv2%2Fmedia&parent=373"}],"wp:term":[{"taxonomy":"product_brand","embeddable":true,"href":"https:\/\/35avg.hu\/index.php?rest_route=%2Fwp%2Fv2%2Fproduct_brand&post=373"},{"taxonomy":"product_cat","embeddable":true,"href":"https:\/\/35avg.hu\/index.php?rest_route=%2Fwp%2Fv2%2Fproduct_cat&post=373"},{"taxonomy":"product_tag","embeddable":true,"href":"https:\/\/35avg.hu\/index.php?rest_route=%2Fwp%2Fv2%2Fproduct_tag&post=373"}],"curies":[{"name":"wp","href":"https:\/\/api.w.org\/{rel}","templated":true}]}}