{"id":283,"date":"2026-02-19T09:56:18","date_gmt":"2026-02-19T08:56:18","guid":{"rendered":"https:\/\/35avg.hu\/?post_type=product&#038;p=283"},"modified":"2026-02-19T09:56:18","modified_gmt":"2026-02-19T08:56:18","slug":"igpsport-bsc100s-cad-szenzorral","status":"publish","type":"product","link":"https:\/\/35avg.hu\/?product=igpsport-bsc100s-cad-szenzorral","title":{"rendered":"IGPSPORT BSC100S CAD szenzorral!"},"content":{"rendered":"<p>Most verhetetlen \u00e1ron k\u00edn\u00e1lunk egy bel\u00e9p\u0151szint\u0171 de nagyon stabilan m\u0171k\u00f6d\u0151 minden ig\u00e9nyt kiel\u00e9g\u00edt\u0151 k\u00e9sz\u00fcl\u00e9ket!<\/p>\n","protected":false},"excerpt":{"rendered":"<p><img loading=\"lazy\" decoding=\"async\" class=\"alignnone size-medium wp-image-284\" src=\"https:\/\/35avg.hu\/wp-content\/uploads\/2026\/02\/CAD-Akcio-300x167.jpg\" alt=\"\" width=\"300\" height=\"167\" srcset=\"https:\/\/35avg.hu\/wp-content\/uploads\/2026\/02\/CAD-Akcio-300x167.jpg 300w, https:\/\/35avg.hu\/wp-content\/uploads\/2026\/02\/CAD-Akcio-768x427.jpg 768w, https:\/\/35avg.hu\/wp-content\/uploads\/2026\/02\/CAD-Akcio-600x333.jpg 600w, https:\/\/35avg.hu\/wp-content\/uploads\/2026\/02\/CAD-Akcio.jpg 900w\" sizes=\"auto, (max-width: 300px) 100vw, 300px\" \/><\/p>\n","protected":false},"featured_media":284,"comment_status":"open","ping_status":"closed","template":"","meta":[],"product_brand":[],"product_cat":[28,27],"product_tag":[],"class_list":{"0":"post-283","1":"product","2":"type-product","3":"status-publish","4":"has-post-thumbnail","6":"product_cat-felszereles","7":"product_cat-kerekpar-computer","8":"no-link","10":"first","11":"instock","12":"shipping-taxable","13":"purchasable","14":"product-type-simple"},"jetpack_sharing_enabled":true,"_links":{"self":[{"href":"https:\/\/35avg.hu\/index.php?rest_route=\/wp\/v2\/product\/283","targetHints":{"allow":["GET"]}}],"collection":[{"href":"https:\/\/35avg.hu\/index.php?rest_route=\/wp\/v2\/product"}],"about":[{"href":"https:\/\/35avg.hu\/index.php?rest_route=\/wp\/v2\/types\/product"}],"replies":[{"embeddable":true,"href":"https:\/\/35avg.hu\/index.php?rest_route=%2Fwp%2Fv2%2Fcomments&post=283"}],"wp:featuredmedia":[{"embeddable":true,"href":"https:\/\/35avg.hu\/index.php?rest_route=\/wp\/v2\/media\/284"}],"wp:attachment":[{"href":"https:\/\/35avg.hu\/index.php?rest_route=%2Fwp%2Fv2%2Fmedia&parent=283"}],"wp:term":[{"taxonomy":"product_brand","embeddable":true,"href":"https:\/\/35avg.hu\/index.php?rest_route=%2Fwp%2Fv2%2Fproduct_brand&post=283"},{"taxonomy":"product_cat","embeddable":true,"href":"https:\/\/35avg.hu\/index.php?rest_route=%2Fwp%2Fv2%2Fproduct_cat&post=283"},{"taxonomy":"product_tag","embeddable":true,"href":"https:\/\/35avg.hu\/index.php?rest_route=%2Fwp%2Fv2%2Fproduct_tag&post=283"}],"curies":[{"name":"wp","href":"https:\/\/api.w.org\/{rel}","templated":true}]}}