{"id":111,"date":"2026-02-04T15:16:04","date_gmt":"2026-02-04T14:16:04","guid":{"rendered":"https:\/\/35avg.hu\/?post_type=product&#038;p=111"},"modified":"2026-02-17T14:17:44","modified_gmt":"2026-02-17T13:17:44","slug":"cst-dupla-pack","status":"publish","type":"product","link":"https:\/\/35avg.hu\/?product=cst-dupla-pack","title":{"rendered":"Gumi k\u00fcls\u00f5 verseny 23-622 CST CZAR Comp C1406 szett"},"content":{"rendered":"<p>2 db k\u00fcls\u0151 gumi+2db bels\u0151 gumi<\/p>\n","protected":false},"excerpt":{"rendered":"<p><img loading=\"lazy\" decoding=\"async\" class=\"alignnone size-medium wp-image-112\" src=\"https:\/\/35avg.hu\/wp-content\/uploads\/2026\/02\/587319551_860434113169767_1346310105992738830_n-300x300.jpg\" alt=\"\" width=\"300\" height=\"300\" srcset=\"https:\/\/35avg.hu\/wp-content\/uploads\/2026\/02\/587319551_860434113169767_1346310105992738830_n-300x300.jpg 300w, https:\/\/35avg.hu\/wp-content\/uploads\/2026\/02\/587319551_860434113169767_1346310105992738830_n-150x150.jpg 150w, https:\/\/35avg.hu\/wp-content\/uploads\/2026\/02\/587319551_860434113169767_1346310105992738830_n-100x100.jpg 100w, https:\/\/35avg.hu\/wp-content\/uploads\/2026\/02\/587319551_860434113169767_1346310105992738830_n.jpg 526w\" sizes=\"auto, (max-width: 300px) 100vw, 300px\" \/><\/p>\n","protected":false},"featured_media":112,"comment_status":"open","ping_status":"closed","template":"","meta":[],"product_brand":[],"product_cat":[16,25],"product_tag":[],"class_list":{"0":"post-111","1":"product","2":"type-product","3":"status-publish","4":"has-post-thumbnail","6":"product_cat-kerekpar-gumik","7":"product_cat-kulso-gumik","8":"no-link","10":"first","11":"instock","12":"shipping-taxable","13":"purchasable","14":"product-type-simple"},"jetpack_sharing_enabled":true,"_links":{"self":[{"href":"https:\/\/35avg.hu\/index.php?rest_route=\/wp\/v2\/product\/111","targetHints":{"allow":["GET"]}}],"collection":[{"href":"https:\/\/35avg.hu\/index.php?rest_route=\/wp\/v2\/product"}],"about":[{"href":"https:\/\/35avg.hu\/index.php?rest_route=\/wp\/v2\/types\/product"}],"replies":[{"embeddable":true,"href":"https:\/\/35avg.hu\/index.php?rest_route=%2Fwp%2Fv2%2Fcomments&post=111"}],"wp:featuredmedia":[{"embeddable":true,"href":"https:\/\/35avg.hu\/index.php?rest_route=\/wp\/v2\/media\/112"}],"wp:attachment":[{"href":"https:\/\/35avg.hu\/index.php?rest_route=%2Fwp%2Fv2%2Fmedia&parent=111"}],"wp:term":[{"taxonomy":"product_brand","embeddable":true,"href":"https:\/\/35avg.hu\/index.php?rest_route=%2Fwp%2Fv2%2Fproduct_brand&post=111"},{"taxonomy":"product_cat","embeddable":true,"href":"https:\/\/35avg.hu\/index.php?rest_route=%2Fwp%2Fv2%2Fproduct_cat&post=111"},{"taxonomy":"product_tag","embeddable":true,"href":"https:\/\/35avg.hu\/index.php?rest_route=%2Fwp%2Fv2%2Fproduct_tag&post=111"}],"curies":[{"name":"wp","href":"https:\/\/api.w.org\/{rel}","templated":true}]}}