{"id":404,"date":"2026-03-28T09:54:42","date_gmt":"2026-03-28T08:54:42","guid":{"rendered":"https:\/\/35avg.hu\/?page_id=404"},"modified":"2026-03-28T10:03:12","modified_gmt":"2026-03-28T09:03:12","slug":"kapcsolat","status":"publish","type":"page","link":"https:\/\/35avg.hu\/?page_id=404","title":{"rendered":"Kapcsolat"},"content":{"rendered":"\n<p>Wunderlich Tam\u00e1s: +36 30 259 1355 (Webshop, szerviz) <\/p>\n\n\n\n<p>Hinterdorfer \u00c1gnes: +36 20 596 3242 (Bringasuli \u00fcgyint\u00e9z\u00e9s) <\/p>\n\n\n\n<p>info@35avg.hu<\/p>\n\n\n\n<p>wudi74@gmail.com       <\/p>\n\n\n\n<p><\/p>\n","protected":false},"excerpt":{"rendered":"<p>Wunderlich Tam\u00e1s: +36 30 259 1355 (Webshop, szerviz) Hinterdorfer \u00c1gnes: +36 20 596 3242 (Bringasuli \u00fcgyint\u00e9z\u00e9s) info@35avg.hu wudi74@gmail.com<\/p>\n","protected":false},"author":1,"featured_media":0,"parent":0,"menu_order":0,"comment_status":"closed","ping_status":"closed","template":"","meta":{"footnotes":""},"class_list":["post-404","page","type-page","status-publish","hentry","no-link"],"jetpack_sharing_enabled":true,"_links":{"self":[{"href":"https:\/\/35avg.hu\/index.php?rest_route=\/wp\/v2\/pages\/404","targetHints":{"allow":["GET"]}}],"collection":[{"href":"https:\/\/35avg.hu\/index.php?rest_route=\/wp\/v2\/pages"}],"about":[{"href":"https:\/\/35avg.hu\/index.php?rest_route=\/wp\/v2\/types\/page"}],"author":[{"embeddable":true,"href":"https:\/\/35avg.hu\/index.php?rest_route=\/wp\/v2\/users\/1"}],"replies":[{"embeddable":true,"href":"https:\/\/35avg.hu\/index.php?rest_route=%2Fwp%2Fv2%2Fcomments&post=404"}],"version-history":[{"count":3,"href":"https:\/\/35avg.hu\/index.php?rest_route=\/wp\/v2\/pages\/404\/revisions"}],"predecessor-version":[{"id":409,"href":"https:\/\/35avg.hu\/index.php?rest_route=\/wp\/v2\/pages\/404\/revisions\/409"}],"wp:attachment":[{"href":"https:\/\/35avg.hu\/index.php?rest_route=%2Fwp%2Fv2%2Fmedia&parent=404"}],"curies":[{"name":"wp","href":"https:\/\/api.w.org\/{rel}","templated":true}]}}