{"id":320,"date":"2026-02-19T19:08:30","date_gmt":"2026-02-19T18:08:30","guid":{"rendered":"https:\/\/35avg.hu\/?page_id=320"},"modified":"2026-02-19T19:13:15","modified_gmt":"2026-02-19T18:13:15","slug":"bringa-eb-vb-hazai-rendezesu-nemzetkozi-versenyek","status":"publish","type":"page","link":"https:\/\/35avg.hu\/?page_id=320","title":{"rendered":"Bringa EB, VB Hazai rendez\u00e9s\u0171 nemzetk\u00f6zi versenyek"},"content":{"rendered":"\n<figure class=\"wp-block-table\"><table class=\"has-fixed-layout\"><tbody><tr><td><a><strong>2026.01.30<\/strong><\/a><\/td><td><\/td><td><\/td><td><\/td><td><strong>Cyclo-Cross Vil\u00e1gbajnoks\u00e1g<\/strong><\/td><td><\/td><td><strong>Cyclo-Cross<\/strong><\/td><td><\/td><td><strong>VB<\/strong><\/td><td><\/td><td>Hulst (NED)<\/td><td><\/td><\/tr><tr><td><strong>2026.02.1-5<\/strong><\/td><td><\/td><td><\/td><td><\/td><td><strong>P\u00e1lya Eur\u00f3pa-Bajnoks\u00e1g<\/strong><\/td><td><\/td><td><strong>P\u00e1lya<\/strong><\/td><td><\/td><td><strong>EB<\/strong><\/td><td><\/td><td>Konya (TUR)<\/td><td><\/td><\/tr><tr><td><strong>2026.05.09<\/strong><\/td><td><\/td><td><\/td><td><\/td><td><strong>XIV. Cs\u00f6m\u00f6r Nagyd\u00edj<\/strong><\/td><td><\/td><td><strong>MTB XC<\/strong><\/td><td><\/td><td><strong>UCI C2<\/strong><\/td><td><\/td><td>Cs\u00f6m\u00f6r<\/td><td><\/td><\/tr><tr><td><strong>2026.05.13-17<\/strong><\/td><td><\/td><td><\/td><td><\/td><td><strong>Tour de Hongrie<\/strong><\/td><td><\/td><td><strong>Orsz\u00e1g\u00fat<\/strong><\/td><td><\/td><td><strong>UCI Pro Series<\/strong><\/td><td><\/td><td>Magyarorsz\u00e1g<\/td><td><\/td><\/tr><tr><td><strong>2026.05.17<\/strong><\/td><td><\/td><td><\/td><td><\/td><td><strong>Tour de Matra<\/strong><\/td><td><\/td><td><strong>Gran Fondo<\/strong><\/td><td><\/td><td><strong>World Series<\/strong><\/td><td><\/td><td>Gy\u00f6ngy\u00f6s<\/td><td><\/td><\/tr><tr><td><strong>2026.06.27-28<\/strong><\/td><td><\/td><td><\/td><td><\/td><td><strong>BMX Racing Eur\u00f3pa-Bajnoks\u00e1g<\/strong><\/td><td><\/td><td><strong>BMX Racing<\/strong><\/td><td><\/td><td><strong>EB<\/strong><\/td><td><\/td><td>Sarians (FRA)<\/td><td><\/td><\/tr><tr><td><strong>2026.06.28<\/strong><\/td><td><\/td><td><\/td><td><\/td><td><strong>Greenzone Zalaegerszeg XCO<\/strong><\/td><td><\/td><td><strong>MTB XC<\/strong><\/td><td><\/td><td><strong>UCI C1<\/strong><\/td><td><\/td><td>Zalaegerszeg<\/td><td><\/td><\/tr><tr><td><strong>2026.07.7-12<\/strong><\/td><td><\/td><td><\/td><td><\/td><td><strong>U23\/U19 P\u00e1lya Eur\u00f3pa-Bajnoks\u00e1g<\/strong><\/td><td><\/td><td><strong>P\u00e1lya<\/strong><\/td><td><\/td><td><strong>EB<\/strong><\/td><td><\/td><td>Cottbus (GER)<\/td><td><\/td><\/tr><tr><td><strong>2026.07.11<\/strong><\/td><td><\/td><td><\/td><td><\/td><td><strong>Visegr\u00e1d 4 Kerekp\u00e1rverseny<\/strong><\/td><td><\/td><td><strong>Orsz\u00e1g\u00fat<\/strong><\/td><td><\/td><td><strong>UCI 1.2<\/strong><\/td><td><\/td><td>Pannonhalma<\/td><td><\/td><\/tr><tr><td><strong>2026.07.18<\/strong><\/td><td><\/td><td><\/td><td><\/td><td><strong>BMX Racing Vil\u00e1gbajnoks\u00e1g<\/strong><\/td><td><\/td><td><strong>BMX Racing<\/strong><\/td><td><\/td><td><strong>VB<\/strong><\/td><td><\/td><td>Brisbane (AUS)<\/td><td><\/td><\/tr><tr><td><strong>2026.07.22-26<\/strong><\/td><td><\/td><td><\/td><td><\/td><td><strong>UP MTB Eur\u00f3pa-Bajnoks\u00e1g<\/strong><\/td><td><\/td><td><strong>MTB XC<\/strong><\/td><td><\/td><td><strong>EB<\/strong><\/td><td><\/td><td>Cheile Gradistei (ROU)<\/td><td><\/td><\/tr><tr><td><strong>2026.07.30-2<\/strong><\/td><td><\/td><td><\/td><td><\/td><td><strong>MTB Eur\u00f3pa-Bajnoks\u00e1g<\/strong><\/td><td><\/td><td><strong>MTB XC<\/strong><\/td><td><\/td><td><strong>EB<\/strong><\/td><td><\/td><td>Monteceneri (SUI)<\/td><td><\/td><\/tr><tr><td><strong>2026.08.13-14<\/strong><\/td><td><\/td><td><\/td><td><\/td><td><strong>Nation\u2019s Cup Hungary<\/strong><\/td><td><\/td><td><strong>Orsz\u00e1g\u00fat<\/strong><\/td><td><\/td><td><strong>UCI Nations Cup<\/strong><\/td><td><\/td><td>Ny\u00edregyh\u00e1za<\/td><td><\/td><\/tr><tr><td><strong>2026.08.19<\/strong><\/td><td><\/td><td><\/td><td><\/td><td><strong>U19 P\u00e1lya Vil\u00e1gbajnoks\u00e1g<\/strong><\/td><td><\/td><td><strong>P\u00e1lya<\/strong><\/td><td><\/td><td><strong>VB<\/strong><\/td><td><\/td><td>Zolder (BEL)<\/td><td><\/td><\/tr><tr><td><strong>2026.08.26-30<\/strong><\/td><td><\/td><td><\/td><td><\/td><td><strong>MTB Vil\u00e1gbajnoks\u00e1g<\/strong><\/td><td><\/td><td><strong>MTB XC<\/strong><\/td><td><\/td><td><strong>VB<\/strong><\/td><td><\/td><td>Val di Sole (ITA)<\/td><td><\/td><\/tr><tr><td><strong>2026.08.30<\/strong><\/td><td><\/td><td><\/td><td><\/td><td><strong>Gravel Eur\u00f3pa-Bajnoks\u00e1g<\/strong><\/td><td><\/td><td><strong>Gravel<\/strong><\/td><td><\/td><td><strong>VB<\/strong><\/td><td><\/td><td>Houffalize (BEL)<\/td><td><\/td><\/tr><tr><td><strong>2026.09.20<\/strong><\/td><td><\/td><td><\/td><td><\/td><td><strong>Orsz\u00e1g\u00fati Vil\u00e1gbajnoks\u00e1g<\/strong><\/td><td><\/td><td><strong>Orsz\u00e1g\u00fat<\/strong><\/td><td><\/td><td><strong>VB<\/strong><\/td><td><\/td><td>Montreal (CAN)<\/td><td><\/td><\/tr><tr><td><strong>2026. okt\u00f3ber<\/strong><\/td><td><\/td><td><\/td><td><\/td><td><strong>IV. Budapest GP<\/strong><\/td><td><\/td><td><strong>P\u00e1lya<\/strong><\/td><td><\/td><td><strong>UCI CL2<\/strong><\/td><td><\/td><td>Budapest<\/td><td><\/td><\/tr><tr><td><strong>2026.10-3-7<\/strong><\/td><td><\/td><td><\/td><td><\/td><td><strong>Orsz\u00e1g\u00fati Eur\u00f3pa-Bajnoks\u00e1g<\/strong><\/td><td><\/td><td><strong>Orsz\u00e1g\u00fat<\/strong><\/td><td><\/td><td><strong>EB<\/strong><\/td><td><\/td><td>Ljubljana (SLO)<\/td><td><\/td><\/tr><tr><td><strong>2026.10.4-11<\/strong><\/td><td><\/td><td><\/td><td><\/td><td><strong>Gravel Vilg\u00e1gbajnoks\u00e1g<\/strong><\/td><td><\/td><td><strong>Gravel<\/strong><\/td><td><\/td><td><strong>VB<\/strong><\/td><td><\/td><td>Nannup (AUS)<\/td><td><\/td><\/tr><tr><td><strong>2026.10.14<\/strong><\/td><td><\/td><td><\/td><td><\/td><td><strong>P\u00e1lya Vil\u00e1gbajnoks\u00e1g<\/strong><\/td><td><\/td><td><strong>P\u00e1lya<\/strong><\/td><td><\/td><td><strong>VB<\/strong><\/td><td><\/td><td>Shanghai (CHN)<\/td><td><\/td><\/tr><tr><td><strong>2026.10.16<\/strong><\/td><td><\/td><td><\/td><td><\/td><td><strong>Terem Vil\u00e1gbajnoks\u00e1g<\/strong><\/td><td><\/td><td><strong>Terem<\/strong><\/td><td><\/td><td><strong>VB<\/strong><\/td><td><\/td><td>Derby (GBR)<\/td><td><\/td><\/tr><tr><td><strong>2026.11.6-8<\/strong><\/td><td><\/td><td><\/td><td><\/td><td><strong>Cyclo-Cross Eur\u00f3pa-Bajnoks\u00e1g<\/strong><\/td><td><\/td><td><strong>Cyclo-cross<\/strong><\/td><td><\/td><td><strong>EB<\/strong><\/td><td><\/td><td>Gelderland (NED)<\/td><td><\/td><\/tr><tr><td><strong>2026.11.3-8<\/strong><\/td><td><\/td><td><\/td><td><\/td><td><strong>Urban Cycling World Championships<\/strong><\/td><td><\/td><td><strong>Trial \u00e9s BMX Freestyle<\/strong><\/td><td><\/td><td><strong>VB<\/strong><\/td><td><\/td><td>Riyadh (Saudi Arabia)<\/td><td><\/td><\/tr><tr><td><strong>2026.11.22<\/strong><\/td><td><\/td><td><\/td><td><\/td><td><strong>Velopark Grand Prix (bejegyz\u00e9s alatt)<\/strong><\/td><td><\/td><td><strong>Cyclo-cross<\/strong><\/td><td><\/td><td><strong>UCI C1<\/strong><\/td><td><\/td><td>Debrecen<\/td><td><\/td><\/tr><\/tbody><\/table><\/figure>\n","protected":false},"excerpt":{"rendered":"<p>2026.01.30 Cyclo-Cross Vil\u00e1gbajnoks\u00e1g Cyclo-Cross VB Hulst (NED) 2026.02.1-5 P\u00e1lya Eur\u00f3pa-Bajnoks\u00e1g P\u00e1lya EB Konya (TUR) 2026.05.09 XIV. Cs\u00f6m\u00f6r Nagyd\u00edj MTB XC UCI C2 Cs\u00f6m\u00f6r 2026.05.13-17 Tour de Hongrie Orsz\u00e1g\u00fat UCI Pro Series Magyarorsz\u00e1g 2026.05.17 Tour de Matra Gran Fondo World Series Gy\u00f6ngy\u00f6s 2026.06.27-28 BMX Racing Eur\u00f3pa-Bajnoks\u00e1g BMX Racing EB Sarians (FRA) 2026.06.28 Greenzone Zalaegerszeg XCO MTB [&hellip;]<\/p>\n","protected":false},"author":1,"featured_media":0,"parent":0,"menu_order":0,"comment_status":"closed","ping_status":"closed","template":"","meta":{"footnotes":""},"class_list":["post-320","page","type-page","status-publish","hentry","no-link"],"jetpack_sharing_enabled":true,"_links":{"self":[{"href":"https:\/\/35avg.hu\/index.php?rest_route=\/wp\/v2\/pages\/320","targetHints":{"allow":["GET"]}}],"collection":[{"href":"https:\/\/35avg.hu\/index.php?rest_route=\/wp\/v2\/pages"}],"about":[{"href":"https:\/\/35avg.hu\/index.php?rest_route=\/wp\/v2\/types\/page"}],"author":[{"embeddable":true,"href":"https:\/\/35avg.hu\/index.php?rest_route=\/wp\/v2\/users\/1"}],"replies":[{"embeddable":true,"href":"https:\/\/35avg.hu\/index.php?rest_route=%2Fwp%2Fv2%2Fcomments&post=320"}],"version-history":[{"count":2,"href":"https:\/\/35avg.hu\/index.php?rest_route=\/wp\/v2\/pages\/320\/revisions"}],"predecessor-version":[{"id":326,"href":"https:\/\/35avg.hu\/index.php?rest_route=\/wp\/v2\/pages\/320\/revisions\/326"}],"wp:attachment":[{"href":"https:\/\/35avg.hu\/index.php?rest_route=%2Fwp%2Fv2%2Fmedia&parent=320"}],"curies":[{"name":"wp","href":"https:\/\/api.w.org\/{rel}","templated":true}]}}