{"id":296,"date":"2026-02-19T11:15:56","date_gmt":"2026-02-19T10:15:56","guid":{"rendered":"https:\/\/35avg.hu\/?page_id=296"},"modified":"2026-02-19T14:02:28","modified_gmt":"2026-02-19T13:02:28","slug":"mtb","status":"publish","type":"page","link":"https:\/\/35avg.hu\/?page_id=296","title":{"rendered":"MTB"},"content":{"rendered":"\n<p>MTB Maratonsorozat:<\/p>\n\n\n\n<figure class=\"wp-block-table\"><table class=\"has-fixed-layout\"><tbody><tr><td><strong>2026-04-25<\/strong><\/td><td><\/td><td><strong>XI. Sefag Tuttibringa Zselic MTB Maraton<\/strong><\/td><td><strong>MTB XCM<\/strong><\/td><td><strong>MKSZ Magyar Kupa<\/strong><\/td><td><strong>Seven Hills<\/strong><\/td><td>\u2019Zselic\u2019<\/td><\/tr><tr><td><strong>2026-05-23<\/strong><\/td><td><\/td><td><strong>I. Medv\u00e9s Trail MTB Maraton<\/strong><\/td><td><strong>MTB XCM<\/strong><\/td><td><strong>MKSZ Magyar Kupa<\/strong><\/td><td><strong>Salg\u00f3tarj\u00e1ni HKE<\/strong><\/td><td>Salg\u00f3tarj\u00e1n<\/td><\/tr><tr><td><strong>2026-06-13<\/strong><\/td><td><\/td><td><strong><a href=\"https:\/\/bringasport.hu\/wp-admin\/post.php?post=158636&amp;action=edit\">Crosskov\u00e1csi MTB Maraton<\/a><\/strong><\/td><td><strong>MTB XCM<\/strong><\/td><td><strong><a href=\"https:\/\/bringasport.hu\/wp-admin\/edit.php?event_type_2=mksz-magyar-kupa&amp;post_type=ajde_events%20\">MKSZ Magyar Kupa<\/a><\/strong><\/td><td><strong><a href=\"https:\/\/bringasport.hu\/wp-admin\/edit.php?event_organizer=crosskovacsi-ske&amp;post_type=ajde_events%20\">Crosskov\u00e1csi Sport- \u00e9s K\u00f6rnyezetv\u00e9d\u0151 Egyes\u00fclet<\/a><\/strong><\/td><td>Nagykov\u00e1csi \u2013 Teleki-Tisza-kast\u00e9ly<\/td><\/tr><tr><td><strong>2026-07-11<\/strong><\/td><td><\/td><td><strong>M\u00e1tra Maraton<\/strong><\/td><td><strong>MTB XCM<\/strong><\/td><td><strong><a href=\"https:\/\/bringasport.hu\/wp-admin\/edit.php?event_type_2=mksz-magyar-kupa&amp;post_type=ajde_events%20\">MKSZ Magyar Kupa<\/a><\/strong><\/td><td><strong><a href=\"https:\/\/bringasport.hu\/wp-admin\/edit.php?event_organizer=vuelta-kft&amp;post_type=ajde_events%20\">Vuelta Kft.<\/a><\/strong><\/td><td>Oxygen Adrenalin Park<\/td><\/tr><tr><td><strong>2026-08-02<\/strong><\/td><td><\/td><td><strong><a href=\"https:\/\/bringasport.hu\/wp-admin\/post.php?post=157716&amp;action=edit\">B\u00fckk Hegyiker\u00e9kp\u00e1r Maraton<\/a><\/strong><\/td><td><strong>MTB XCM<\/strong><\/td><td><strong><a href=\"https:\/\/bringasport.hu\/wp-admin\/edit.php?event_type_2=mksz-magyar-kupa&amp;post_type=ajde_events%20\">MKSZ Magyar Kupa<\/a><\/strong><\/td><td><strong><a href=\"https:\/\/bringasport.hu\/wp-admin\/edit.php?event_organizer=nagy-se&amp;post_type=ajde_events%20\">NSE<\/a><\/strong><\/td><td>B\u00e9lap\u00e1tfalva \u2013 Ciszterci Ap\u00e1ts\u00e1g<\/td><\/tr><tr><td><strong>2026-09-26<\/strong><\/td><td>&nbsp;<\/td><td><strong>II. P\u00e9cs MTB Maraton<\/strong><\/td><td><strong>MTB XCM<\/strong><\/td><td><strong>MKSZ Orsz\u00e1gos Bajnoks\u00e1g<\/strong><\/td><td><strong>Seven Hills<br>&nbsp;<\/strong><\/td><td>P\u00e9cs<\/td><\/tr><\/tbody><\/table><\/figure>\n\n\n\n<p>XCO, XCM versenyek<\/p>\n\n\n\n<figure class=\"wp-block-table\"><table class=\"has-fixed-layout\"><tbody><tr><td><strong>2026.04.11<\/strong><\/td><td><\/td><td><strong>tervez\u00e9s alatt \u2013 \u00dajbuda MTB SE<\/strong><\/td><td><strong>MTB XCO<\/strong><\/td><td><strong>MKSZ Magyar Kupa<\/strong><\/td><td>BP vagy k\u00f6rny\u00e9ke \u2013 MK 1.&nbsp;<\/td><\/tr><tr><td><strong>2026.04.25<\/strong><\/td><td><\/td><td><strong>Hangony XCO<\/strong><\/td><td><strong>MTB XCO<\/strong><\/td><td><strong>UCI C3 \u00e9s MKSZ Magyar Kupa<\/strong><\/td><td>Hangony \u2013 MK 2.<\/td><\/tr><tr><td><strong>2026.05.09<\/strong><\/td><td><\/td><td><strong>XIV. Cs\u00f6m\u00f6r Nagyd\u00edj<\/strong><\/td><td><strong>MTB XCO<\/strong><\/td><td><strong>UCI C2 \u00e9s MKSZ Magyar Kupa<\/strong><\/td><td>Cs\u00f6m\u00f6r \u2013 MK 3.<\/td><\/tr><tr><td><strong>2026.06.28<\/strong><\/td><td><\/td><td><strong>Greenzone Zalaegerszeg XCO<\/strong><\/td><td><strong>MTB XCO<\/strong><\/td><td><strong>UCI C1 \u00e9s MKSZ Magyar Kupa<\/strong><\/td><td>Zalaegerszeg \u2013 MK 4.<\/td><\/tr><tr><td><strong>2026.07.18-19<\/strong><\/td><td><\/td><td><strong>MTB XCC \u00e9s XCO Orsz\u00e1gos Bajnoks\u00e1g<\/strong><\/td><td><strong>MTB XCC \u00e9s XCO<\/strong><\/td><td><strong>MKSZ Orsz\u00e1gos Bajnoks\u00e1g<\/strong><\/td><td>Als\u00f3\u00f6rs<\/td><\/tr><\/tbody><\/table><\/figure>\n","protected":false},"excerpt":{"rendered":"<p>MTB Maratonsorozat: 2026-04-25 XI. Sefag Tuttibringa Zselic MTB Maraton MTB XCM MKSZ Magyar Kupa Seven Hills \u2019Zselic\u2019 2026-05-23 I. Medv\u00e9s Trail MTB Maraton MTB XCM MKSZ Magyar Kupa Salg\u00f3tarj\u00e1ni HKE Salg\u00f3tarj\u00e1n 2026-06-13 Crosskov\u00e1csi MTB Maraton MTB XCM MKSZ Magyar Kupa Crosskov\u00e1csi Sport- \u00e9s K\u00f6rnyezetv\u00e9d\u0151 Egyes\u00fclet Nagykov\u00e1csi \u2013 Teleki-Tisza-kast\u00e9ly 2026-07-11 M\u00e1tra Maraton MTB XCM MKSZ Magyar [&hellip;]<\/p>\n","protected":false},"author":1,"featured_media":0,"parent":0,"menu_order":0,"comment_status":"closed","ping_status":"closed","template":"","meta":{"footnotes":""},"class_list":["post-296","page","type-page","status-publish","hentry","no-link"],"jetpack_sharing_enabled":true,"_links":{"self":[{"href":"https:\/\/35avg.hu\/index.php?rest_route=\/wp\/v2\/pages\/296","targetHints":{"allow":["GET"]}}],"collection":[{"href":"https:\/\/35avg.hu\/index.php?rest_route=\/wp\/v2\/pages"}],"about":[{"href":"https:\/\/35avg.hu\/index.php?rest_route=\/wp\/v2\/types\/page"}],"author":[{"embeddable":true,"href":"https:\/\/35avg.hu\/index.php?rest_route=\/wp\/v2\/users\/1"}],"replies":[{"embeddable":true,"href":"https:\/\/35avg.hu\/index.php?rest_route=%2Fwp%2Fv2%2Fcomments&post=296"}],"version-history":[{"count":2,"href":"https:\/\/35avg.hu\/index.php?rest_route=\/wp\/v2\/pages\/296\/revisions"}],"predecessor-version":[{"id":315,"href":"https:\/\/35avg.hu\/index.php?rest_route=\/wp\/v2\/pages\/296\/revisions\/315"}],"wp:attachment":[{"href":"https:\/\/35avg.hu\/index.php?rest_route=%2Fwp%2Fv2%2Fmedia&parent=296"}],"curies":[{"name":"wp","href":"https:\/\/api.w.org\/{rel}","templated":true}]}}