{"id":209,"date":"2026-02-07T18:25:56","date_gmt":"2026-02-07T17:25:56","guid":{"rendered":"https:\/\/35avg.hu\/?page_id=209"},"modified":"2026-02-07T18:29:18","modified_gmt":"2026-02-07T17:29:18","slug":"autoalkatresz","status":"publish","type":"page","link":"https:\/\/35avg.hu\/?page_id=209","title":{"rendered":"Aut\u00f3alkatr\u00e9sz"},"content":{"rendered":"\n<p><a href=\"https:\/\/docs.google.com\/forms\/d\/14G5P991QiVPO2B7ivZ2QndZrnfMYvnjX91C9Qr8TWE4\/edit\">Aj\u00e1nlatk\u00e9r\u00e9s<\/a><\/p>\n\n\n\n<p>2003 febru\u00e1rj\u00e1ban cs\u00f6ppentem bele az aut\u00f3alkatr\u00e9szkereskedelem rejtelemibe, amikor m\u00e9g nem meg\u00e9lhet\u00e9si munk\u00e1sok uralt\u00e1k ezt a szakm\u00e1t, hanem kellett a aut\u00f3k szeretete ahhoz, hogy az ember az aut\u00f3s szakma ezen \u00e1g\u00e1ban dolgozzon. Ekkor m\u00e9g gyakran j\u00e1rtam Balatonyi \u00c1rpi versenyaut\u00f3m\u0171hely\u00e9be is &#8222;sz\u00f6gelni&#8221; \u00e9s elhivatott versenyszerel\u0151 is voltam. B\u00e1r m\u00e1sik elhivatotts\u00e1gom a bringa kicsit fel\u00fcl\u00edrta az aut\u00f3s szakmai p\u00e1lyafut\u00e1somat, soha nem szeretn\u00e9k szak\u00edtani az akkori Rallye hangulata adta eml\u00e9kekkel, ahogy hallom a VFTS hangj\u00e1t, ahogy f\u00fajja a l\u00e1bamra a kipufog\u00f3g\u00e1zt, ahogy \u00e9rzem a gyorsas\u00e1gir\u00f3l le\u00e9rkez\u0151 Lada kellemesen megviselt illat\u00e1t. Akkoriban m\u00e9g emberi kapcsolatokra \u00e9p\u00fclt a kereskedelem is, egy elad\u00f3t\u00f3l akkor v\u00e1s\u00e1rolt\u00e1l ha szimpatikus volt, megb\u00edzt\u00e1l benne, \u00e9rtett hozz\u00e1, \u00e9s n\u00e9ha m\u00e9g egy-egy po\u00e9nt is els\u00fct\u00f6tt. Nem \u00e9rdekel a mai g\u00e9pies kereskedelem, nem szeretn\u00e9k haszn\u00e1lni semmilyen manipulat\u00edv eszk\u00f6zt sem, a k\u00e9rd\u00e9seidre nem a mesters\u00e9ges intelligencia fog v\u00e1laszolni, ha m\u00e9gis szeretn\u00e9l egy cseppet ebb\u0151l az &#8222;elavult&#8221; r\u00e9gi kereskedelemb\u0151l, kattints az aj\u00e1nlatk\u00e9r\u0151 ikonra, add meg el\u00e9rhet\u0151s\u00e9ged, \u00e9s hamarosan szak\u00e9rtelemmel v\u00e1lasztjuk ki az aut\u00f3dhoz sz\u00fcks\u00e9ges alkatr\u00e9szeket, \u00e9s m\u00e9g egy kis id\u0151utaz\u00e1st is nyersz egy emberk\u00f6zeli kereskedelembe!<\/p>\n\n\n\n<p>\u00dcdv\u00f6zlettel: Wunderlich Tam\u00e1s<\/p>\n","protected":false},"excerpt":{"rendered":"<p>Aj\u00e1nlatk\u00e9r\u00e9s 2003 febru\u00e1rj\u00e1ban cs\u00f6ppentem bele az aut\u00f3alkatr\u00e9szkereskedelem rejtelemibe, amikor m\u00e9g nem meg\u00e9lhet\u00e9si munk\u00e1sok uralt\u00e1k ezt a szakm\u00e1t, hanem kellett a aut\u00f3k szeretete ahhoz, hogy az ember az aut\u00f3s szakma ezen \u00e1g\u00e1ban dolgozzon. Ekkor m\u00e9g gyakran j\u00e1rtam Balatonyi \u00c1rpi versenyaut\u00f3m\u0171hely\u00e9be is &#8222;sz\u00f6gelni&#8221; \u00e9s elhivatott versenyszerel\u0151 is voltam. B\u00e1r m\u00e1sik elhivatotts\u00e1gom a bringa kicsit fel\u00fcl\u00edrta az aut\u00f3s [&hellip;]<\/p>\n","protected":false},"author":1,"featured_media":0,"parent":0,"menu_order":0,"comment_status":"closed","ping_status":"closed","template":"","meta":{"footnotes":""},"class_list":["post-209","page","type-page","status-publish","hentry","no-link"],"jetpack_sharing_enabled":true,"_links":{"self":[{"href":"https:\/\/35avg.hu\/index.php?rest_route=\/wp\/v2\/pages\/209","targetHints":{"allow":["GET"]}}],"collection":[{"href":"https:\/\/35avg.hu\/index.php?rest_route=\/wp\/v2\/pages"}],"about":[{"href":"https:\/\/35avg.hu\/index.php?rest_route=\/wp\/v2\/types\/page"}],"author":[{"embeddable":true,"href":"https:\/\/35avg.hu\/index.php?rest_route=\/wp\/v2\/users\/1"}],"replies":[{"embeddable":true,"href":"https:\/\/35avg.hu\/index.php?rest_route=%2Fwp%2Fv2%2Fcomments&post=209"}],"version-history":[{"count":3,"href":"https:\/\/35avg.hu\/index.php?rest_route=\/wp\/v2\/pages\/209\/revisions"}],"predecessor-version":[{"id":227,"href":"https:\/\/35avg.hu\/index.php?rest_route=\/wp\/v2\/pages\/209\/revisions\/227"}],"wp:attachment":[{"href":"https:\/\/35avg.hu\/index.php?rest_route=%2Fwp%2Fv2%2Fmedia&parent=209"}],"curies":[{"name":"wp","href":"https:\/\/api.w.org\/{rel}","templated":true}]}}