{"id":191,"date":"2026-02-07T14:00:14","date_gmt":"2026-02-07T13:00:14","guid":{"rendered":"https:\/\/35avg.hu\/?page_id=191"},"modified":"2026-02-07T14:03:30","modified_gmt":"2026-02-07T13:03:30","slug":"kerekpar-alkatresz","status":"publish","type":"page","link":"https:\/\/35avg.hu\/?page_id=191","title":{"rendered":"Ker\u00e9kp\u00e1r alkatr\u00e9sz"},"content":{"rendered":"\n<p>A Shop rovatban hamarosan p\u00e1r &#8222;j\u00f3l\u00e1ras\u00edtott&#8221; term\u00e9kkel jelentkez\u00fcnk. Addig is itt tudod haszn\u00e1lni aj\u00e1nlatk\u00e9r\u0151 link\u00fcnket! <\/p>\n\n\n\n<p><a href=\"https:\/\/docs.google.com\/forms\/d\/1Jw0Ww29ePLGbTWqXxAbe8XnAujNxwi5i_3TigTuqDFA\/edit\">Aj\u00e1nlatk\u00e9r\u00e9s<\/a><\/p>\n\n\n\n<p><\/p>\n","protected":false},"excerpt":{"rendered":"<p>A Shop rovatban hamarosan p\u00e1r &#8222;j\u00f3l\u00e1ras\u00edtott&#8221; term\u00e9kkel jelentkez\u00fcnk. Addig is itt tudod haszn\u00e1lni aj\u00e1nlatk\u00e9r\u0151 link\u00fcnket! Aj\u00e1nlatk\u00e9r\u00e9s<\/p>\n","protected":false},"author":1,"featured_media":0,"parent":0,"menu_order":0,"comment_status":"closed","ping_status":"closed","template":"","meta":{"footnotes":""},"class_list":["post-191","page","type-page","status-publish","hentry","no-link"],"jetpack_sharing_enabled":true,"_links":{"self":[{"href":"https:\/\/35avg.hu\/index.php?rest_route=\/wp\/v2\/pages\/191","targetHints":{"allow":["GET"]}}],"collection":[{"href":"https:\/\/35avg.hu\/index.php?rest_route=\/wp\/v2\/pages"}],"about":[{"href":"https:\/\/35avg.hu\/index.php?rest_route=\/wp\/v2\/types\/page"}],"author":[{"embeddable":true,"href":"https:\/\/35avg.hu\/index.php?rest_route=\/wp\/v2\/users\/1"}],"replies":[{"embeddable":true,"href":"https:\/\/35avg.hu\/index.php?rest_route=%2Fwp%2Fv2%2Fcomments&post=191"}],"version-history":[{"count":2,"href":"https:\/\/35avg.hu\/index.php?rest_route=\/wp\/v2\/pages\/191\/revisions"}],"predecessor-version":[{"id":196,"href":"https:\/\/35avg.hu\/index.php?rest_route=\/wp\/v2\/pages\/191\/revisions\/196"}],"wp:attachment":[{"href":"https:\/\/35avg.hu\/index.php?rest_route=%2Fwp%2Fv2%2Fmedia&parent=191"}],"curies":[{"name":"wp","href":"https:\/\/api.w.org\/{rel}","templated":true}]}}