{"id":125,"date":"2026-02-05T12:12:25","date_gmt":"2026-02-05T11:12:25","guid":{"rendered":"https:\/\/35avg.hu\/?page_id=125"},"modified":"2026-02-06T14:13:39","modified_gmt":"2026-02-06T13:13:39","slug":"edzesterv","status":"publish","type":"page","link":"https:\/\/35avg.hu\/?page_id=125","title":{"rendered":"Edz\u00e9sterv"},"content":{"rendered":"\n<p>Komplett edz\u00e9sjavaslatot csak az alapoz\u00e1s elej\u00e9t\u0151l van \u00e9rtelme \u00edrni, j\u00f6v\u0151re r\u00e9sen lesz\u00fcnk!<\/p>\n\n\n\n<p>Addig is hamarosan hasznos tan\u00e1csokkal jelentkez\u00fcnk!<\/p>\n\n\n\n<p><\/p>\n","protected":false},"excerpt":{"rendered":"<p>Komplett edz\u00e9sjavaslatot csak az alapoz\u00e1s elej\u00e9t\u0151l van \u00e9rtelme \u00edrni, j\u00f6v\u0151re r\u00e9sen lesz\u00fcnk! Addig is hamarosan hasznos tan\u00e1csokkal jelentkez\u00fcnk!<\/p>\n","protected":false},"author":1,"featured_media":0,"parent":0,"menu_order":0,"comment_status":"closed","ping_status":"closed","template":"","meta":{"footnotes":""},"class_list":["post-125","page","type-page","status-publish","hentry","no-link"],"jetpack_sharing_enabled":true,"_links":{"self":[{"href":"https:\/\/35avg.hu\/index.php?rest_route=\/wp\/v2\/pages\/125","targetHints":{"allow":["GET"]}}],"collection":[{"href":"https:\/\/35avg.hu\/index.php?rest_route=\/wp\/v2\/pages"}],"about":[{"href":"https:\/\/35avg.hu\/index.php?rest_route=\/wp\/v2\/types\/page"}],"author":[{"embeddable":true,"href":"https:\/\/35avg.hu\/index.php?rest_route=\/wp\/v2\/users\/1"}],"replies":[{"embeddable":true,"href":"https:\/\/35avg.hu\/index.php?rest_route=%2Fwp%2Fv2%2Fcomments&post=125"}],"version-history":[{"count":3,"href":"https:\/\/35avg.hu\/index.php?rest_route=\/wp\/v2\/pages\/125\/revisions"}],"predecessor-version":[{"id":167,"href":"https:\/\/35avg.hu\/index.php?rest_route=\/wp\/v2\/pages\/125\/revisions\/167"}],"wp:attachment":[{"href":"https:\/\/35avg.hu\/index.php?rest_route=%2Fwp%2Fv2%2Fmedia&parent=125"}],"curies":[{"name":"wp","href":"https:\/\/api.w.org\/{rel}","templated":true}]}}