{"id":124,"date":"2026-02-05T12:12:25","date_gmt":"2026-02-05T11:12:25","guid":{"rendered":"https:\/\/35avg.hu\/?page_id=124"},"modified":"2026-02-07T12:53:56","modified_gmt":"2026-02-07T11:53:56","slug":"kids-of-the-road","status":"publish","type":"page","link":"https:\/\/35avg.hu\/?page_id=124","title":{"rendered":"Kids of The Road"},"content":{"rendered":"\n<p>Hamarosan \u00faj k\u00f6zleked\u00e9si kamp\u00e1nyt ind\u00edtunk, mely az aut\u00f3sok \u00e9s a bring\u00e1sok k\u00f6z\u00f6tti t\u00e1rsadalmi ellent\u00e9tek enyh\u00edt\u00e9s\u00e9re szolg\u00e1l. Nem tov\u00e1bbi megosztotts\u00e1got szeretn\u00e9nk gener\u00e1lni, hanem (ak\u00e1r \u00f6nkritik\u00e1t is gyakorolva) kultur\u00e1lt, intelligens hangnemben k\u00f6zelebb hozni az \u00e1ll\u00e1spontokat a k\u00f6z\u00f6s \u00fat al\u00e1zatos \u00e9s b\u00e9k\u00e9s haszn\u00e1lat\u00e1val kapcsolatban!<\/p>\n\n\n\n<p>R\u00e9szletek hamarosan!<\/p>\n","protected":false},"excerpt":{"rendered":"<p>Hamarosan \u00faj k\u00f6zleked\u00e9si kamp\u00e1nyt ind\u00edtunk, mely az aut\u00f3sok \u00e9s a bring\u00e1sok k\u00f6z\u00f6tti t\u00e1rsadalmi ellent\u00e9tek enyh\u00edt\u00e9s\u00e9re szolg\u00e1l. Nem tov\u00e1bbi megosztotts\u00e1got szeretn\u00e9nk gener\u00e1lni, hanem (ak\u00e1r \u00f6nkritik\u00e1t is gyakorolva) kultur\u00e1lt, intelligens hangnemben k\u00f6zelebb hozni az \u00e1ll\u00e1spontokat a k\u00f6z\u00f6s \u00fat al\u00e1zatos \u00e9s b\u00e9k\u00e9s haszn\u00e1lat\u00e1val kapcsolatban! R\u00e9szletek hamarosan!<\/p>\n","protected":false},"author":1,"featured_media":0,"parent":0,"menu_order":0,"comment_status":"closed","ping_status":"closed","template":"","meta":{"footnotes":""},"class_list":["post-124","page","type-page","status-publish","hentry","no-link"],"jetpack_sharing_enabled":true,"_links":{"self":[{"href":"https:\/\/35avg.hu\/index.php?rest_route=\/wp\/v2\/pages\/124","targetHints":{"allow":["GET"]}}],"collection":[{"href":"https:\/\/35avg.hu\/index.php?rest_route=\/wp\/v2\/pages"}],"about":[{"href":"https:\/\/35avg.hu\/index.php?rest_route=\/wp\/v2\/types\/page"}],"author":[{"embeddable":true,"href":"https:\/\/35avg.hu\/index.php?rest_route=\/wp\/v2\/users\/1"}],"replies":[{"embeddable":true,"href":"https:\/\/35avg.hu\/index.php?rest_route=%2Fwp%2Fv2%2Fcomments&post=124"}],"version-history":[{"count":2,"href":"https:\/\/35avg.hu\/index.php?rest_route=\/wp\/v2\/pages\/124\/revisions"}],"predecessor-version":[{"id":176,"href":"https:\/\/35avg.hu\/index.php?rest_route=\/wp\/v2\/pages\/124\/revisions\/176"}],"wp:attachment":[{"href":"https:\/\/35avg.hu\/index.php?rest_route=%2Fwp%2Fv2%2Fmedia&parent=124"}],"curies":[{"name":"wp","href":"https:\/\/api.w.org\/{rel}","templated":true}]}}