{"id":123,"date":"2026-02-05T12:12:24","date_gmt":"2026-02-05T11:12:24","guid":{"rendered":"https:\/\/35avg.hu\/?page_id=123"},"modified":"2026-02-07T12:51:17","modified_gmt":"2026-02-07T11:51:17","slug":"bringasuli","status":"publish","type":"page","link":"https:\/\/35avg.hu\/?page_id=123","title":{"rendered":"Bringasuli"},"content":{"rendered":"\n<p><\/p>\n\n\n\n<p><a href=\"https:\/\/www.facebook.com\/profile.php?id=61558680840241\">Keress minket a Facebookon<\/a><\/p>\n\n\n\n<p><a href=\"https:\/\/docs.google.com\/forms\/d\/1z7HjCxHknTqayal91jdFxHoxoTtEHnkXUPRdNzzJgzY\/edit\">Bringasuli jelentkez\u00e9s<\/a><\/p>\n\n\n\n<p>Kedves Bring\u00e1s Bar\u00e1taim!<\/p>\n\n\n\n<p>Egyszer egy \u00e9rtekezleten, ami a p\u00e9csi ker\u00e9kp\u00e1rsport lehet\u0151s\u00e9geir\u0151l sz\u00f3lt, vend\u00e9gk\u00e9nt jelen volt egy szlov\u00e9n szakember, aki feltett nek\u00fcnk egy k\u00f6lt\u0151i k\u00e9rd\u00e9st, ami az\u00f3ta is a fejemben motoszk\u00e1l:<\/p>\n\n\n\n<p>&#8211; Ti magyarok mi\u00e9rt el\u0151sz\u00f6r a tet\u0151t h\u00fazz\u00e1tok fel az \u00e9p\u00fcletre? B\u00e1r a probl\u00e9ma ismert volt el\u0151ttem is, m\u00e9gis \u00fagy gondolom, j\u00f3 helyen \u00e9s j\u00f3 embert\u0151l hangzott el a k\u00e9rd\u00e9s, hiszen a szlov\u00e9n ker\u00e9kp\u00e1rsportot nem kell bemutatni senkinek. Lehet, hogy egy kicsit ironikusan hangzik, hogy \u00e1csmestereink val\u00f3ban remek\u00fcl dolgoznak, viszont semmik\u00e9ppen nem g\u00fanyol\u00f3d\u00e1snak sz\u00e1nom, hiszen t\u00e9nyleg nagy sz\u00fcks\u00e9g\u00fcnk van pl. egy Tour de Hongrie-ra, vagy egy V4 ker\u00e9kp\u00e1rversenyre ugyan\u00fagy, mint a tehets\u00e9ges \u00e9s sikeres ker\u00e9kp\u00e1rversenyz\u0151inkre, mint pl Valter Attil\u00e1ra, vagy Vas Kata Blank\u00e1ra. Ahhoz azonban, hogy ez a remek tet\u0151szerkezet egy massz\u00edv \u00e9p\u00fcleten \u00e1lljon, abban a tudatban, hogy a falakat is rengeteg lelkes sportszeret\u0151 ember \u00e9p\u00edti, a legels\u0151 dolog egy stabil alap megteremt\u00e9se, ez\u00e9rt \u00e9rezz\u00fck feladatunknak, hogy \u00f6sszefogjuk azokat a gyerekeket, akik szeretnek bring\u00e1zni \u00e9s fel\u00e9bressz\u00fck a tudatot azokban is, akikben csak lappang a ker\u00e9kp\u00e1rsport szeretete. A mi feladatunk teh\u00e1t, hogy j\u00e1t\u00e9kos form\u00e1ban bevezess\u00fck a gyerekeket a ker\u00e9kp\u00e1rsportok vil\u00e1g\u00e1ba, hogy megtan\u00edtsuk nekik a k\u00f6zleked\u00e9s, a helyes testtart\u00e1s, \u00e1tt\u00e9telv\u00e1laszt\u00e1s, bringa karbantart\u00e1s \u00e9s apr\u00f3 hibaelh\u00e1r\u00edt\u00e1s, k\u00f6z\u00f6ss\u00e9gi ker\u00e9kp\u00e1roz\u00e1s alapjait, megismertess\u00fck vel\u00fck a bring\u00e1s szak\u00e1gak sz\u00e9ps\u00e9geit elm\u00e9leti \u00e9s gyakorlati szinten is.<\/p>\n\n\n\n<p>Programunk el\u0151re meghat\u00e1rozott tematika alapj\u00e1n indul 2024. szeptembert\u0151l, addig is m\u00e1just\u00f3l szombatonk\u00e9nt egyel\u0151re ingyenes el\u0151k\u00e9sz\u00edt\u0151 foglalkoz\u00e1sokat tartunk a D\u00e9li-Ipari Parkban, melyre sok szeretettel v\u00e1runk minden kedves \u00e9rdekl\u0151d\u0151 gyermeket \u00e9s sz\u00fcl\u0151t!<\/p>\n\n\n\n<p>Az edz\u00e9sek id\u0151pontj\u00e1t oldalunkon tal\u00e1lhatj\u00e1tok majd meg!<\/p>\n\n\n\n<p>Kapcsolatfelv\u00e9tel, kapcsolattart\u00e1s: Hinterdofer \u00c1gnes: +36 20 596 3242<\/p>\n\n\n\n<p>Foglalkoz\u00e1ssal kapcsolatos k\u00e9rd\u00e9sek: Wunderlich Tam\u00e1s +36 30 259 1355<\/p>\n\n\n\n<p><\/p>\n","protected":false},"excerpt":{"rendered":"<p>Keress minket a Facebookon Bringasuli jelentkez\u00e9s Kedves Bring\u00e1s Bar\u00e1taim! Egyszer egy \u00e9rtekezleten, ami a p\u00e9csi ker\u00e9kp\u00e1rsport lehet\u0151s\u00e9geir\u0151l sz\u00f3lt, vend\u00e9gk\u00e9nt jelen volt egy szlov\u00e9n szakember, aki feltett nek\u00fcnk egy k\u00f6lt\u0151i k\u00e9rd\u00e9st, ami az\u00f3ta is a fejemben motoszk\u00e1l: &#8211; Ti magyarok mi\u00e9rt el\u0151sz\u00f6r a tet\u0151t h\u00fazz\u00e1tok fel az \u00e9p\u00fcletre? B\u00e1r a probl\u00e9ma ismert volt el\u0151ttem is, m\u00e9gis [&hellip;]<\/p>\n","protected":false},"author":1,"featured_media":0,"parent":0,"menu_order":0,"comment_status":"closed","ping_status":"closed","template":"","meta":{"footnotes":""},"class_list":["post-123","page","type-page","status-publish","hentry","no-link"],"jetpack_sharing_enabled":true,"_links":{"self":[{"href":"https:\/\/35avg.hu\/index.php?rest_route=\/wp\/v2\/pages\/123","targetHints":{"allow":["GET"]}}],"collection":[{"href":"https:\/\/35avg.hu\/index.php?rest_route=\/wp\/v2\/pages"}],"about":[{"href":"https:\/\/35avg.hu\/index.php?rest_route=\/wp\/v2\/types\/page"}],"author":[{"embeddable":true,"href":"https:\/\/35avg.hu\/index.php?rest_route=\/wp\/v2\/users\/1"}],"replies":[{"embeddable":true,"href":"https:\/\/35avg.hu\/index.php?rest_route=%2Fwp%2Fv2%2Fcomments&post=123"}],"version-history":[{"count":4,"href":"https:\/\/35avg.hu\/index.php?rest_route=\/wp\/v2\/pages\/123\/revisions"}],"predecessor-version":[{"id":175,"href":"https:\/\/35avg.hu\/index.php?rest_route=\/wp\/v2\/pages\/123\/revisions\/175"}],"wp:attachment":[{"href":"https:\/\/35avg.hu\/index.php?rest_route=%2Fwp%2Fv2%2Fmedia&parent=123"}],"curies":[{"name":"wp","href":"https:\/\/api.w.org\/{rel}","templated":true}]}}