{"id":121,"date":"2026-02-05T12:12:24","date_gmt":"2026-02-05T11:12:24","guid":{"rendered":"https:\/\/35avg.hu\/?page_id=121"},"modified":"2026-02-07T22:40:22","modified_gmt":"2026-02-07T21:40:22","slug":"szerviz","status":"publish","type":"page","link":"https:\/\/35avg.hu\/?page_id=121","title":{"rendered":"Szerviz"},"content":{"rendered":"\n<p>Kisz\u00e1m\u00edthat\u00f3 k\u00f6lts\u00e9gekkel, \u00e9s \u00fcgyf\u00e9lbar\u00e1t hozz\u00e1\u00e1ll\u00e1ssal v\u00e1rjuk \u00fcgyfeleinket!<\/p>\n\n\n\n<p><a href=\"https:\/\/docs.google.com\/forms\/d\/1EfsSa23V8l3J3E6ksbZKQci6cfP0bv3FwXCiVAUQfiQ\/edit\">Id\u0151pont egyeztet\u00e9s<\/a><\/p>\n\n\n\n<figure class=\"wp-block-table\"><table class=\"has-fixed-layout\"><tbody><tr><td><strong>Term\u00e9k N\u00e9v<\/strong><\/td><td><strong>Brutt\u00f3 \u00c1r\/Ft<\/strong><\/td><\/tr><tr><td>F\u00e9k l\u00e9gtelen\u00edt\u00e9s<\/td><td>3000<\/td><\/tr><tr><td>F\u00e9kbet\u00e9t csere \/ ker\u00e9k<\/td><td>2000<\/td><\/tr><tr><td>F\u00e9kbet\u00e9t csere els\u0151 + h\u00e1ts\u00f3<\/td><td>3000<\/td><\/tr><tr><td>F\u00e9kbovden csere els\u0151 + h\u00e1ts\u00f3<\/td><td>3000<\/td><\/tr><tr><td>F\u00e9kek bea\u00e1ll\u00edt\u00e1sa<\/td><td>3000<\/td><\/tr><tr><td>F\u00e9kkar csere<\/td><td>2000<\/td><\/tr><tr><td>Hagyom\u00e1nyos k\u00f6z\u00e9pcsap\u00e1gy cser\u00e9je monoblokkra<\/td><td>3500<\/td><\/tr><tr><td>Hagyom\u00e1nyos k\u00f6z\u00e9pcsap\u00e1gy jav\u00edt\u00e1s<\/td><td>6000<\/td><\/tr><tr><td>Hajt\u00f3m\u0171 csere<\/td><td>2500<\/td><\/tr><tr><td>Integr\u00e1lt k\u00f6z\u00e9pcsap\u00e1gy csere<\/td><td>5000<\/td><\/tr><tr><td>Kazetta + l\u00e1nc csere<\/td><td>3000<\/td><\/tr><tr><td>Kazetta csere<\/td><td>2000<\/td><\/tr><tr><td>L\u00e1nc csere<\/td><td>2000<\/td><\/tr><tr><td>L\u00e1nct\u00e1ny\u00e9r csere<\/td><td>3500<\/td><\/tr><tr><td>Monoblokk csere<\/td><td>3000<\/td><\/tr><tr><td>Defekt jav\u00edr\u00e1s\/ker\u00e9k<\/td><td>1500<\/td><\/tr><tr><td>Ker\u00e9k cent\u00edroz\u00e1s \/ ker\u00e9k<\/td><td>2000<\/td><\/tr><tr><td>Ker\u00e9kagy fel\u00faj\u00edt\u00e1s hagyam\u00e1nyos \/ ker\u00e9k<\/td><td>5000<\/td><\/tr><tr><td>Ker\u00e9kcsap\u00e1gy csere ipari csap\u00e1gyas \/ ker\u00e9k<\/td><td>3500<\/td><\/tr><tr><td>Ker\u00e9kcsap\u00e1gy zs\u00edrz\u00e1s, be\u00e1ll\u00edt\u00e1s \/ ker\u00e9k<\/td><td>2500<\/td><\/tr><tr><td>K\u00fcll\u0151 csere<\/td><td>2000<\/td><\/tr><tr><td>Korm\u00e1ny csere<\/td><td>3000<\/td><\/tr><tr><td>Korm\u00e1nyband\u00e1zs_csere<\/td><td>3000<\/td><\/tr><tr><td>Korm\u00e1nycsap\u00e1gy csere<\/td><td>4000<\/td><\/tr><tr><td>Korm\u00e1nycsap\u00e1gy zs\u00edrz\u00e1s, be\u00e1ll\u00edt\u00e1s<\/td><td>2500<\/td><\/tr><tr><td>Korm\u00e1nysz\u00e1r csere hagyom\u00e1nyos<\/td><td>5000<\/td><\/tr><tr><td>Markolat csere<\/td><td>1000<\/td><\/tr><tr><td>Stucni csere<\/td><td>3000<\/td><\/tr><tr><td>Els\u0151 v\u00e1lt\u00f3 csere<\/td><td>3000<\/td><\/tr><tr><td>H\u00e1ts\u00f3_v\u00e1lt\u00f3_csere<\/td><td>3000<\/td><\/tr><tr><td>V\u00e1lt\u00f3 \u00e1ll\u00edt\u00e1s<\/td><td>2500<\/td><\/tr><tr><td>V\u00e1lt\u00f3bovden csere bels\u0151 elvezet\u00e9s \/ v\u00e1lt\u00f3<\/td><td>3000<\/td><\/tr><tr><td>V\u00e1lt\u00f3bovden csere k\u00fcls\u0151 elvezet\u00e9s \/ v\u00e1lt\u00f3<\/td><td>2000<\/td><\/tr><tr><td>V\u00e1lt\u00f3kar csere \/ oldal<\/td><td>3000<\/td><\/tr><tr><td>Kazetta_+_l\u00e1nc_tiszt\u00edt\u00e1s<\/td><td>3000<\/td><\/tr><tr><td>Komplett hajt\u00e1s tiszt\u00edt\u00e1s<\/td><td>7000<\/td><\/tr><tr><td>Leszerelt alkatr\u00e9szek tiszt\u00edt\u00e1sa<\/td><td>1000<\/td><\/tr><tr><td>Bring\u00e1zz t\u00e9len is<\/td><td>19000<\/td><\/tr><tr><td>Kist\u00e1ny\u00e9r szervizcsomag<\/td><td>25000<\/td><\/tr><tr><td>Nagyt\u00e1ny\u00e9r szervizcsomag<\/td><td>35000<\/td><\/tr><\/tbody><\/table><\/figure>\n\n\n\n<p><\/p>\n","protected":false},"excerpt":{"rendered":"<p>Kisz\u00e1m\u00edthat\u00f3 k\u00f6lts\u00e9gekkel, \u00e9s \u00fcgyf\u00e9lbar\u00e1t hozz\u00e1\u00e1ll\u00e1ssal v\u00e1rjuk \u00fcgyfeleinket! Id\u0151pont egyeztet\u00e9s Term\u00e9k N\u00e9v Brutt\u00f3 \u00c1r\/Ft F\u00e9k l\u00e9gtelen\u00edt\u00e9s 3000 F\u00e9kbet\u00e9t csere \/ ker\u00e9k 2000 F\u00e9kbet\u00e9t csere els\u0151 + h\u00e1ts\u00f3 3000 F\u00e9kbovden csere els\u0151 + h\u00e1ts\u00f3 3000 F\u00e9kek bea\u00e1ll\u00edt\u00e1sa 3000 F\u00e9kkar csere 2000 Hagyom\u00e1nyos k\u00f6z\u00e9pcsap\u00e1gy cser\u00e9je monoblokkra 3500 Hagyom\u00e1nyos k\u00f6z\u00e9pcsap\u00e1gy jav\u00edt\u00e1s 6000 Hajt\u00f3m\u0171 csere 2500 Integr\u00e1lt k\u00f6z\u00e9pcsap\u00e1gy csere 5000 [&hellip;]<\/p>\n","protected":false},"author":1,"featured_media":0,"parent":0,"menu_order":0,"comment_status":"closed","ping_status":"closed","template":"","meta":{"footnotes":""},"class_list":["post-121","page","type-page","status-publish","hentry","no-link"],"jetpack_sharing_enabled":true,"_links":{"self":[{"href":"https:\/\/35avg.hu\/index.php?rest_route=\/wp\/v2\/pages\/121","targetHints":{"allow":["GET"]}}],"collection":[{"href":"https:\/\/35avg.hu\/index.php?rest_route=\/wp\/v2\/pages"}],"about":[{"href":"https:\/\/35avg.hu\/index.php?rest_route=\/wp\/v2\/types\/page"}],"author":[{"embeddable":true,"href":"https:\/\/35avg.hu\/index.php?rest_route=\/wp\/v2\/users\/1"}],"replies":[{"embeddable":true,"href":"https:\/\/35avg.hu\/index.php?rest_route=%2Fwp%2Fv2%2Fcomments&post=121"}],"version-history":[{"count":7,"href":"https:\/\/35avg.hu\/index.php?rest_route=\/wp\/v2\/pages\/121\/revisions"}],"predecessor-version":[{"id":233,"href":"https:\/\/35avg.hu\/index.php?rest_route=\/wp\/v2\/pages\/121\/revisions\/233"}],"wp:attachment":[{"href":"https:\/\/35avg.hu\/index.php?rest_route=%2Fwp%2Fv2%2Fmedia&parent=121"}],"curies":[{"name":"wp","href":"https:\/\/api.w.org\/{rel}","templated":true}]}}